{"id":1418,"date":"2020-12-01T15:20:18","date_gmt":"2020-12-01T18:20:18","guid":{"rendered":"http:\/\/www.abosorocaba.com.br\/abo-site-paciente\/?page_id=1418"},"modified":"2022-01-05T06:30:13","modified_gmt":"2022-01-05T09:30:13","slug":"tratamento-proteses","status":"publish","type":"page","link":"https:\/\/abosorocaba.com.br\/pacientes\/tratamento-proteses\/","title":{"rendered":"Tratamento Pr\u00f3teses"},"content":{"rendered":"\t\t<div data-elementor-type=\"wp-page\" data-elementor-id=\"1418\" class=\"elementor elementor-1418\" data-elementor-settings=\"[]\">\n\t\t\t\t\t\t<div class=\"elementor-inner\">\n\t\t\t\t\t\t\t<div class=\"elementor-section-wrap\">\n\t\t\t\t\t\t\t<section class=\"elementor-section elementor-top-section elementor-element elementor-element-6dda894 elementor-section-boxed elementor-section-height-default elementor-section-height-default\" data-id=\"6dda894\" data-element_type=\"section\" data-settings=\"{&quot;background_background&quot;:&quot;classic&quot;}\">\n\t\t\t\t\t\t\t<div class=\"elementor-background-overlay\"><\/div>\n\t\t\t\t\t\t\t<div class=\"elementor-container elementor-column-gap-default\">\n\t\t\t\t\t\t\t<div class=\"elementor-row\">\n\t\t\t\t\t<div class=\"elementor-column elementor-col-100 elementor-top-column elementor-element elementor-element-1f9b80b\" data-id=\"1f9b80b\" data-element_type=\"column\">\n\t\t\t<div class=\"elementor-column-wrap elementor-element-populated\">\n\t\t\t\t\t\t\t<div class=\"elementor-widget-wrap\">\n\t\t\t\t\t\t<div class=\"elementor-element elementor-element-858fb7e elementor-widget elementor-widget-heading\" data-id=\"858fb7e\" data-element_type=\"widget\" data-widget_type=\"heading.default\">\n\t\t\t\t<div class=\"elementor-widget-container\">\n\t\t\t<h1 class=\"elementor-heading-title elementor-size-default\"><small>Tratamentos<\/small><br>\n<strong>Pr\u00f3teses<\/strong>\n<\/h1>\t\t<\/div>\n\t\t\t\t<\/div>\n\t\t\t\t\t\t<\/div>\n\t\t\t\t\t<\/div>\n\t\t<\/div>\n\t\t\t\t\t\t\t\t<\/div>\n\t\t\t\t\t<\/div>\n\t\t<\/section>\n\t\t\t\t<section class=\"elementor-section elementor-top-section elementor-element elementor-element-9fd0d5f elementor-section-boxed elementor-section-height-default elementor-section-height-default\" data-id=\"9fd0d5f\" data-element_type=\"section\" data-settings=\"{&quot;background_background&quot;:&quot;classic&quot;}\">\n\t\t\t\t\t\t<div class=\"elementor-container elementor-column-gap-default\">\n\t\t\t\t\t\t\t<div class=\"elementor-row\">\n\t\t\t\t\t<div class=\"elementor-column elementor-col-50 elementor-top-column elementor-element elementor-element-6c5dcd51\" data-id=\"6c5dcd51\" data-element_type=\"column\">\n\t\t\t<div class=\"elementor-column-wrap elementor-element-populated\">\n\t\t\t\t\t\t\t<div class=\"elementor-widget-wrap\">\n\t\t\t\t\t\t<div class=\"elementor-element elementor-element-573891ff elementor-widget elementor-widget-text-editor\" data-id=\"573891ff\" data-element_type=\"widget\" data-widget_type=\"text-editor.default\">\n\t\t\t\t<div class=\"elementor-widget-container\">\n\t\t\t\t\t\t\t\t<div class=\"elementor-text-editor elementor-clearfix\">\n\t\t\t\t<h2>Pr\u00f3teses e <b>Tratamentos<\/b><\/h2>\t\t\t\t\t<\/div>\n\t\t\t\t\t\t<\/div>\n\t\t\t\t<\/div>\n\t\t\t\t<div class=\"elementor-element elementor-element-312a4b66 elementor-widget elementor-widget-text-editor\" data-id=\"312a4b66\" data-element_type=\"widget\" data-widget_type=\"text-editor.default\">\n\t\t\t\t<div class=\"elementor-widget-container\">\n\t\t\t\t\t\t\t\t<div class=\"elementor-text-editor elementor-clearfix\">\n\t\t\t\t<p>As pr\u00f3teses dent\u00e1rias s\u00e3o uma excelente alternativa para aqueles que desejam repor os dentes que foram perdidos, conquistando muito mais conforto e qualidade de vida.<\/p>\n<p>Isso porque quando um elemento dental \u00e9 perdido, ocorrem desequil\u00edbrios musculares e articulares que podem trazer s\u00e9rios preju\u00edzos para a sa\u00fade bucal. Para prevenir o aparecimento dessas desordens \u00e9 indicada a reposi\u00e7\u00e3o dos dentes perdidos o quanto antes.<br><br>A reposi\u00e7\u00e3o dos dentes pode ser feita por meio de pr\u00f3teses ou implantes. As pr\u00f3teses dentais podem substituir um ou mais dentes e podem ser feitas de diversos materiais, como metais, cer\u00e2micas ou resinas. Al\u00e9m de est\u00e9ticas, as pr\u00f3teses tamb\u00e9m possibilitam a correta fun\u00e7\u00e3o mastigat\u00f3ria e de fona\u00e7\u00e3o. <\/p>\n<p>Atualmente, podemos contar com diferentes&nbsp; tipos de pr\u00f3teses dentais. Por esse motivo, a indica\u00e7\u00e3o \u00e9 sempre procurar por uma avalia\u00e7\u00e3o com o especialista, para que ap\u00f3s anamnese e exames, ele possa indicar o tratamento adequado. Isso vai depender do n\u00famero de dentes ausentes, a posi\u00e7\u00e3o que eles se encontram e at\u00e9 mesmo as condi\u00e7\u00f5es da sa\u00fade bucal do paciente.<\/p>\n<p>Dessa maneira, \u00e9 poss\u00edvel recuperar o sorriso com naturalidade, al\u00e9m de todas as suas fun\u00e7\u00f5es. Entretanto, para que o tratamento com as pr\u00f3teses dent\u00e1rias seja bem-sucedido, \u00e9 importante seguir todas as recomenda\u00e7\u00f5es do especialista, preocupando-se com os principais cuidados em rela\u00e7\u00e3o \u00e0 pr\u00f3tese e \u00e0 sa\u00fade bucal. Sem esquecer, \u00e9 claro, das visitas peri\u00f3dicas ao dentista.<\/p>\n<p>Al\u00e9m disso, \u00e9 preciso lembrar que a dura\u00e7\u00e3o das pr\u00f3teses depende tamb\u00e9m dos cuidados que o paciente toma. Ainda assim, em alguns casos \u00e9 necess\u00e1rio que ela seja reajustada, refeita ou at\u00e9 mesmo reembasada. Isso se deve ao desgaste natural que ocorre por um processo natural de reabsor\u00e7\u00e3o \u00f3ssea. Entretanto, isso depende do tipo de pr\u00f3tese escolhida.&nbsp;<\/p>\t\t\t\t\t<\/div>\n\t\t\t\t\t\t<\/div>\n\t\t\t\t<\/div>\n\t\t\t\t<div class=\"elementor-element elementor-element-54291bd1 elementor-widget elementor-widget-button\" data-id=\"54291bd1\" data-element_type=\"widget\" data-widget_type=\"button.default\">\n\t\t\t\t<div class=\"elementor-widget-container\">\n\t\t\t\t\t<div class=\"elementor-button-wrapper\">\n\t\t\t<a href=\"#agendamento\" class=\"elementor-button-link elementor-button elementor-size-md\" role=\"button\">\n\t\t\t\t\t\t<span class=\"elementor-button-content-wrapper\">\n\t\t\t\t\t\t<span class=\"elementor-button-text\">SOLICITAR AGENDAMENTO<\/span>\n\t\t<\/span>\n\t\t\t\t\t<\/a>\n\t\t<\/div>\n\t\t\t\t<\/div>\n\t\t\t\t<\/div>\n\t\t\t\t\t\t<\/div>\n\t\t\t\t\t<\/div>\n\t\t<\/div>\n\t\t\t\t<div class=\"elementor-column elementor-col-50 elementor-top-column elementor-element elementor-element-34c9bca5\" data-id=\"34c9bca5\" data-element_type=\"column\">\n\t\t\t<div class=\"elementor-column-wrap elementor-element-populated\">\n\t\t\t\t\t\t\t<div class=\"elementor-widget-wrap\">\n\t\t\t\t\t\t<div class=\"elementor-element elementor-element-d747e49 elementor-invisible elementor-widget elementor-widget-image\" data-id=\"d747e49\" data-element_type=\"widget\" data-settings=\"{&quot;_animation&quot;:&quot;fadeInRight&quot;}\" data-widget_type=\"image.default\">\n\t\t\t\t<div class=\"elementor-widget-container\">\n\t\t\t\t\t\t\t\t<div class=\"elementor-image\">\n\t\t\t\t\t\t\t\t\t\t\t\t<img width=\"440\" height=\"360\" src=\"https:\/\/abosorocaba.com.br\/pacientes\/wp-content\/uploads\/2020\/12\/bg-proteses.png\" class=\"attachment-large size-large\" alt=\"\" srcset=\"https:\/\/abosorocaba.com.br\/pacientes\/wp-content\/uploads\/2020\/12\/bg-proteses.png 440w, https:\/\/abosorocaba.com.br\/pacientes\/wp-content\/uploads\/2020\/12\/bg-proteses-300x245.png 300w\" sizes=\"(max-width: 440px) 100vw, 440px\" \/>\t\t\t\t\t\t\t\t\t\t\t\t\t\t<\/div>\n\t\t\t\t\t\t<\/div>\n\t\t\t\t<\/div>\n\t\t\t\t\t\t<\/div>\n\t\t\t\t\t<\/div>\n\t\t<\/div>\n\t\t\t\t\t\t\t\t<\/div>\n\t\t\t\t\t<\/div>\n\t\t<\/section>\n\t\t\t\t<section class=\"elementor-section elementor-top-section elementor-element elementor-element-594fb49e elementor-section-height-min-height elementor-section-boxed elementor-section-height-default elementor-section-items-middle\" data-id=\"594fb49e\" data-element_type=\"section\" data-settings=\"{&quot;background_background&quot;:&quot;classic&quot;,&quot;shape_divider_top&quot;:&quot;arrow&quot;}\">\n\t\t\t\t\t<div class=\"elementor-shape elementor-shape-top\" data-negative=\"false\">\n\t\t\t<svg xmlns=\"http:\/\/www.w3.org\/2000\/svg\" viewBox=\"0 0 700 10\" preserveAspectRatio=\"none\">\n\t<path class=\"elementor-shape-fill\" d=\"M350,10L340,0h20L350,10z\"\/>\n<\/svg>\t\t<\/div>\n\t\t\t\t\t<div class=\"elementor-container elementor-column-gap-default\">\n\t\t\t\t\t\t\t<div class=\"elementor-row\">\n\t\t\t\t\t<div class=\"elementor-column elementor-col-50 elementor-top-column elementor-element elementor-element-6c2d443\" data-id=\"6c2d443\" data-element_type=\"column\">\n\t\t\t<div class=\"elementor-column-wrap elementor-element-populated\">\n\t\t\t\t\t\t\t<div class=\"elementor-widget-wrap\">\n\t\t\t\t\t\t<div class=\"elementor-element elementor-element-49b9b46c elementor-widget elementor-widget-spacer\" data-id=\"49b9b46c\" data-element_type=\"widget\" data-widget_type=\"spacer.default\">\n\t\t\t\t<div class=\"elementor-widget-container\">\n\t\t\t\t\t<div class=\"elementor-spacer\">\n\t\t\t<div class=\"elementor-spacer-inner\"><\/div>\n\t\t<\/div>\n\t\t\t\t<\/div>\n\t\t\t\t<\/div>\n\t\t\t\t<div class=\"elementor-element elementor-element-5aceef59 elementor-widget elementor-widget-heading\" data-id=\"5aceef59\" data-element_type=\"widget\" data-widget_type=\"heading.default\">\n\t\t\t\t<div class=\"elementor-widget-container\">\n\t\t\t<h2 class=\"elementor-heading-title elementor-size-default\">Solicite um<br><b>Agendamento<\/b><\/h2>\t\t<\/div>\n\t\t\t\t<\/div>\n\t\t\t\t<div class=\"elementor-element elementor-element-580b069 elementor-widget elementor-widget-text-editor\" data-id=\"580b069\" data-element_type=\"widget\" data-widget_type=\"text-editor.default\">\n\t\t\t\t<div class=\"elementor-widget-container\">\n\t\t\t\t\t\t\t\t<div class=\"elementor-text-editor elementor-clearfix\">\n\t\t\t\t<p>Preencha o formul\u00e1rio ao lado e nossa equipe de profissionais entrara em contato para agendar uma avalia\u00e7\u00e3o na ABO Sorocaba<\/p>\t\t\t\t\t<\/div>\n\t\t\t\t\t\t<\/div>\n\t\t\t\t<\/div>\n\t\t\t\t\t\t<\/div>\n\t\t\t\t\t<\/div>\n\t\t<\/div>\n\t\t\t\t<div class=\"elementor-column elementor-col-50 elementor-top-column elementor-element elementor-element-3a590dc\" data-id=\"3a590dc\" data-element_type=\"column\">\n\t\t\t<div class=\"elementor-column-wrap elementor-element-populated\">\n\t\t\t\t\t\t\t<div class=\"elementor-widget-wrap\">\n\t\t\t\t\t\t<div class=\"elementor-element elementor-element-82d5eab elementor-widget elementor-widget-global elementor-global-1437 elementor-widget-menu-anchor\" data-id=\"82d5eab\" data-element_type=\"widget\" data-widget_type=\"menu-anchor.default\">\n\t\t\t\t<div class=\"elementor-widget-container\">\n\t\t\t\t\t<div id=\"agendamento\" class=\"elementor-menu-anchor\"><\/div>\n\t\t\t\t<\/div>\n\t\t\t\t<\/div>\n\t\t\t\t<section class=\"elementor-section elementor-inner-section elementor-element elementor-element-3f110f0 elementor-section-boxed elementor-section-height-default elementor-section-height-default elementor-invisible\" data-id=\"3f110f0\" data-element_type=\"section\" data-settings=\"{&quot;animation&quot;:&quot;bounceIn&quot;}\">\n\t\t\t\t\t\t<div class=\"elementor-container elementor-column-gap-default\">\n\t\t\t\t\t\t\t<div class=\"elementor-row\">\n\t\t\t\t\t<div class=\"elementor-column elementor-col-100 elementor-inner-column elementor-element elementor-element-463d85f\" data-id=\"463d85f\" data-element_type=\"column\">\n\t\t\t<div class=\"elementor-column-wrap elementor-element-populated\">\n\t\t\t\t\t\t\t<div class=\"elementor-widget-wrap\">\n\t\t\t\t\t\t<div class=\"elementor-element elementor-element-a24653b elementor-button-align-stretch elementor-widget elementor-widget-form\" data-id=\"a24653b\" data-element_type=\"widget\" data-settings=\"{&quot;step_next_label&quot;:&quot;Next&quot;,&quot;step_previous_label&quot;:&quot;Previous&quot;,&quot;button_width&quot;:&quot;100&quot;,&quot;step_type&quot;:&quot;number_text&quot;,&quot;step_icon_shape&quot;:&quot;circle&quot;}\" data-widget_type=\"form.default\">\n\t\t\t\t<div class=\"elementor-widget-container\">\n\t\t\t\t\t<form class=\"elementor-form\" method=\"post\" id=\"agendamento\" name=\"Tratamentos - Pr\u00f3teses\">\n\t\t\t<input type=\"hidden\" name=\"post_id\" value=\"1418\"\/>\n\t\t\t<input type=\"hidden\" name=\"form_id\" value=\"a24653b\"\/>\n\t\t\t<input type=\"hidden\" name=\"referer_title\" value=\"\" \/>\n\n\t\t\t\n\t\t\t<div class=\"elementor-form-fields-wrapper elementor-labels-above\">\n\t\t\t\t\t\t\t\t<div class=\"elementor-field-type-text elementor-field-group elementor-column elementor-field-group-name elementor-col-100 elementor-field-required elementor-mark-required\">\n\t\t\t\t\t\t\t\t\t\t\t\t\t<input size=\"1\" type=\"text\" name=\"form_fields[name]\" id=\"form-field-name\" class=\"elementor-field elementor-size-md  elementor-field-textual\" placeholder=\"Nome\" required=\"required\" aria-required=\"true\">\n\t\t\t\t\t\t\t\t\t\t\t<\/div>\n\t\t\t\t\t\t\t\t<div class=\"elementor-field-type-email elementor-field-group elementor-column elementor-field-group-email elementor-col-100 elementor-field-required elementor-mark-required\">\n\t\t\t\t\t\t\t\t\t\t\t\t\t<input size=\"1\" type=\"email\" name=\"form_fields[email]\" id=\"form-field-email\" class=\"elementor-field elementor-size-md  elementor-field-textual\" placeholder=\"Melhor E-mail\" required=\"required\" aria-required=\"true\">\n\t\t\t\t\t\t\t\t\t\t\t<\/div>\n\t\t\t\t\t\t\t\t<div class=\"elementor-field-type-tel elementor-field-group elementor-column elementor-field-group-tel elementor-col-100 elementor-field-required elementor-mark-required\">\n\t\t\t\t\t\t\t<input size=\"1\" type=\"tel\" name=\"form_fields[tel]\" id=\"form-field-tel\" class=\"elementor-field elementor-size-md  elementor-field-textual\" placeholder=\"Telefone ou Whatsapp\" required=\"required\" aria-required=\"true\" pattern=\"[0-9()#&amp;+*-=.]+\" title=\"Apenas n\u00fameros e caracteres de telefone (#, -, *, etc.) s\u00e3o aceitos.\">\n\n\t\t\t\t\t\t<\/div>\n\t\t\t\t\t\t\t\t<div class=\"elementor-field-type-text elementor-field-group elementor-column elementor-field-group-field_0fb1309 elementor-col-100 elementor-field-required elementor-mark-required\">\n\t\t\t\t\t\t\t\t\t\t\t\t\t<input size=\"1\" type=\"text\" name=\"form_fields[field_0fb1309]\" id=\"form-field-field_0fb1309\" class=\"elementor-field elementor-size-md  elementor-field-textual\" placeholder=\"Empresa\" required=\"required\" aria-required=\"true\">\n\t\t\t\t\t\t\t\t\t\t\t<\/div>\n\t\t\t\t\t\t\t\t<div class=\"elementor-field-group elementor-column elementor-field-type-submit elementor-col-100 e-form__buttons\">\n\t\t\t\t\t<button type=\"submit\" class=\"elementor-button elementor-size-md\">\n\t\t\t\t\t\t<span >\n\t\t\t\t\t\t\t\t\t\t\t\t\t\t\t<span class=\" elementor-button-icon\">\n\t\t\t\t\t\t\t\t\t\t\t\t\t\t\t\t\t\t\t\t\t\t\t\t\t\t<\/span>\n\t\t\t\t\t\t\t\t\t\t\t\t\t\t\t\t\t\t\t\t\t\t<span class=\"elementor-button-text\">ENVIAR SOLICITA\u00c7\u00c3O<\/span>\n\t\t\t\t\t\t\t\t\t\t\t\t\t<\/span>\n\t\t\t\t\t<\/button>\n\t\t\t\t<\/div>\n\t\t\t<\/div>\n\t\t<\/form>\n\t\t\t\t<\/div>\n\t\t\t\t<\/div>\n\t\t\t\t\t\t<\/div>\n\t\t\t\t\t<\/div>\n\t\t<\/div>\n\t\t\t\t\t\t\t\t<\/div>\n\t\t\t\t\t<\/div>\n\t\t<\/section>\n\t\t\t\t\t\t<\/div>\n\t\t\t\t\t<\/div>\n\t\t<\/div>\n\t\t\t\t\t\t\t\t<\/div>\n\t\t\t\t\t<\/div>\n\t\t<\/section>\n\t\t\t\t\t\t<\/div>\n\t\t\t\t\t\t<\/div>\n\t\t\t\t\t<\/div>\n\t\t","protected":false},"excerpt":{"rendered":"<p>Tratamentos Pr\u00f3teses Pr\u00f3teses e Tratamentos As pr\u00f3teses dent\u00e1rias s\u00e3o uma excelente alternativa para aqueles que desejam repor os dentes que foram perdidos, conquistando muito mais conforto e qualidade de vida. Isso porque quando um elemento dental \u00e9 perdido, ocorrem desequil\u00edbrios musculares e articulares que podem trazer s\u00e9rios preju\u00edzos para a sa\u00fade bucal. Para prevenir o [&hellip;]<\/p>\n","protected":false},"author":1,"featured_media":0,"parent":0,"menu_order":0,"comment_status":"closed","ping_status":"closed","template":"elementor_header_footer","meta":[],"_links":{"self":[{"href":"https:\/\/abosorocaba.com.br\/pacientes\/wp-json\/wp\/v2\/pages\/1418"}],"collection":[{"href":"https:\/\/abosorocaba.com.br\/pacientes\/wp-json\/wp\/v2\/pages"}],"about":[{"href":"https:\/\/abosorocaba.com.br\/pacientes\/wp-json\/wp\/v2\/types\/page"}],"author":[{"embeddable":true,"href":"https:\/\/abosorocaba.com.br\/pacientes\/wp-json\/wp\/v2\/users\/1"}],"replies":[{"embeddable":true,"href":"https:\/\/abosorocaba.com.br\/pacientes\/wp-json\/wp\/v2\/comments?post=1418"}],"version-history":[{"count":64,"href":"https:\/\/abosorocaba.com.br\/pacientes\/wp-json\/wp\/v2\/pages\/1418\/revisions"}],"predecessor-version":[{"id":3658,"href":"https:\/\/abosorocaba.com.br\/pacientes\/wp-json\/wp\/v2\/pages\/1418\/revisions\/3658"}],"wp:attachment":[{"href":"https:\/\/abosorocaba.com.br\/pacientes\/wp-json\/wp\/v2\/media?parent=1418"}],"curies":[{"name":"wp","href":"https:\/\/api.w.org\/{rel}","templated":true}]}}