{"id":1542,"date":"2020-12-01T18:03:47","date_gmt":"2020-12-01T21:03:47","guid":{"rendered":"https:\/\/www.abosorocaba.com.br\/abo-site-paciente\/?page_id=1542"},"modified":"2022-01-05T06:28:30","modified_gmt":"2022-01-05T09:28:30","slug":"tratamento-lentes-de-contato-dentais","status":"publish","type":"page","link":"https:\/\/abosorocaba.com.br\/pacientes\/tratamento-lentes-de-contato-dentais\/","title":{"rendered":"Tratamento Lentes de contato dentais"},"content":{"rendered":"\t\t<div data-elementor-type=\"wp-page\" data-elementor-id=\"1542\" class=\"elementor elementor-1542\" data-elementor-settings=\"[]\">\n\t\t\t\t\t\t<div class=\"elementor-inner\">\n\t\t\t\t\t\t\t<div class=\"elementor-section-wrap\">\n\t\t\t\t\t\t\t<section class=\"elementor-section elementor-top-section elementor-element elementor-element-a20ca8f elementor-section-boxed elementor-section-height-default elementor-section-height-default\" data-id=\"a20ca8f\" data-element_type=\"section\" data-settings=\"{&quot;background_background&quot;:&quot;classic&quot;}\">\n\t\t\t\t\t\t\t<div class=\"elementor-background-overlay\"><\/div>\n\t\t\t\t\t\t\t<div class=\"elementor-container elementor-column-gap-default\">\n\t\t\t\t\t\t\t<div class=\"elementor-row\">\n\t\t\t\t\t<div class=\"elementor-column elementor-col-100 elementor-top-column elementor-element elementor-element-3f387d6\" data-id=\"3f387d6\" data-element_type=\"column\">\n\t\t\t<div class=\"elementor-column-wrap elementor-element-populated\">\n\t\t\t\t\t\t\t<div class=\"elementor-widget-wrap\">\n\t\t\t\t\t\t<div class=\"elementor-element elementor-element-d5afda9 elementor-widget elementor-widget-heading\" data-id=\"d5afda9\" data-element_type=\"widget\" data-widget_type=\"heading.default\">\n\t\t\t\t<div class=\"elementor-widget-container\">\n\t\t\t<h1 class=\"elementor-heading-title elementor-size-default\"><small>Tratamentos<\/small><br>\n<strong>Lentes de contato dentais<\/strong>\n<\/h1>\t\t<\/div>\n\t\t\t\t<\/div>\n\t\t\t\t\t\t<\/div>\n\t\t\t\t\t<\/div>\n\t\t<\/div>\n\t\t\t\t\t\t\t\t<\/div>\n\t\t\t\t\t<\/div>\n\t\t<\/section>\n\t\t\t\t<section class=\"elementor-section elementor-top-section elementor-element elementor-element-554321e5 elementor-section-boxed elementor-section-height-default elementor-section-height-default\" data-id=\"554321e5\" data-element_type=\"section\" data-settings=\"{&quot;background_background&quot;:&quot;classic&quot;}\">\n\t\t\t\t\t\t<div class=\"elementor-container elementor-column-gap-default\">\n\t\t\t\t\t\t\t<div class=\"elementor-row\">\n\t\t\t\t\t<div class=\"elementor-column elementor-col-50 elementor-top-column elementor-element elementor-element-64c869c3\" data-id=\"64c869c3\" data-element_type=\"column\">\n\t\t\t<div class=\"elementor-column-wrap elementor-element-populated\">\n\t\t\t\t\t\t\t<div class=\"elementor-widget-wrap\">\n\t\t\t\t\t\t<div class=\"elementor-element elementor-element-1819f39f elementor-widget elementor-widget-text-editor\" data-id=\"1819f39f\" data-element_type=\"widget\" data-widget_type=\"text-editor.default\">\n\t\t\t\t<div class=\"elementor-widget-container\">\n\t\t\t\t\t\t\t\t<div class=\"elementor-text-editor elementor-clearfix\">\n\t\t\t\t<h2>Tratamento <b>Est\u00e9tico<\/b><\/h2>\t\t\t\t\t<\/div>\n\t\t\t\t\t\t<\/div>\n\t\t\t\t<\/div>\n\t\t\t\t<div class=\"elementor-element elementor-element-5eeaa6a6 elementor-widget elementor-widget-text-editor\" data-id=\"5eeaa6a6\" data-element_type=\"widget\" data-widget_type=\"text-editor.default\">\n\t\t\t\t<div class=\"elementor-widget-container\">\n\t\t\t\t\t\t\t\t<div class=\"elementor-text-editor elementor-clearfix\">\n\t\t\t\t<p>Sem d\u00favida, voc\u00ea j\u00e1 ouviu falar sobre as lentes de contato dentais, por serem t\u00e3o famosas e escolhidas principalmente pelo meio art\u00edstico. Se esse termo ainda for desconhecido para voc\u00ea, explicaremos com detalhes.<\/p>\n<p>O tratamento est\u00e9tico com as lentes de contato dentais se resume a colar laminados extrafinos sobre os dentes, por\u00e9m, apenas na frente deles. S\u00e3o indicadas principalmente para aqueles que possuem dentes com formato inadequado, cor indesejada ou, ainda, tamanho e posi\u00e7\u00e3o irregular.<\/p>\n<p>Todo o tratamento \u00e9 previs\u00edvel e considerado minimamente invasivo. Sendo assim, antes de inici\u00e1-lo, \u00e9 feita uma discuss\u00e3o para que dentista e paciente entrem em consenso em rela\u00e7\u00e3o \u00e0 cor, ao formato, ao tamanho e \u00e0 posi\u00e7\u00e3o das lentes.&nbsp;<\/p>\n<h3>Como funciona o procedimento de Lentes de Contato Dentais?<\/h3>\n<p>Sendo assim, o processo de instala\u00e7\u00e3o dos laminados \u00e9 simples para o paciente, por\u00e9m, o profissional precisa de muita aten\u00e7\u00e3o aos detalhes. O encaixe tem que ser feito com perfei\u00e7\u00e3o, respeitando cada mil\u00edmetro do dente e da pe\u00e7a a ser cimentada!<\/p>\n<p>Para um tratamento de sucesso, s\u00e3o necess\u00e1rias algumas visitas ao dentista, de forma que seja realizado um bom planejamento pr\u00e9-t\u00e9cnica, um preparo adequado dos dentes e uma confec\u00e7\u00e3o detalhada das lentes em resina acr\u00edlica para o paciente dizer se gostou ou n\u00e3o da cor e do formato. Por fim, a prova final e a cimenta\u00e7\u00e3o da pe\u00e7a definitiva das lentes de contato dentais sobre os dentes.<\/p>\n<p>O material utilizado, normalmente, s\u00e3o as resinas ou porcelanas, que s\u00e3o pe\u00e7as extremamente est\u00e9ticas e dur\u00e1veis, que garantem a beleza do sorriso. Por isso, sem d\u00favida, \u00e9 uma entre as op\u00e7\u00f5es est\u00e9ticas da Odontologia que vem crescendo bastante nos \u00faltimos anos por renovar completamente o sorriso de maneira r\u00e1pida e eficiente.<\/p>\t\t\t\t\t<\/div>\n\t\t\t\t\t\t<\/div>\n\t\t\t\t<\/div>\n\t\t\t\t<div class=\"elementor-element elementor-element-69716049 elementor-widget elementor-widget-button\" data-id=\"69716049\" data-element_type=\"widget\" data-widget_type=\"button.default\">\n\t\t\t\t<div class=\"elementor-widget-container\">\n\t\t\t\t\t<div class=\"elementor-button-wrapper\">\n\t\t\t<a href=\"#agendamento\" class=\"elementor-button-link elementor-button elementor-size-md\" role=\"button\">\n\t\t\t\t\t\t<span class=\"elementor-button-content-wrapper\">\n\t\t\t\t\t\t<span class=\"elementor-button-text\">SOLICITAR AGENDAMENTO<\/span>\n\t\t<\/span>\n\t\t\t\t\t<\/a>\n\t\t<\/div>\n\t\t\t\t<\/div>\n\t\t\t\t<\/div>\n\t\t\t\t\t\t<\/div>\n\t\t\t\t\t<\/div>\n\t\t<\/div>\n\t\t\t\t<div class=\"elementor-column elementor-col-50 elementor-top-column elementor-element elementor-element-45bf3ba8\" data-id=\"45bf3ba8\" data-element_type=\"column\">\n\t\t\t<div class=\"elementor-column-wrap elementor-element-populated\">\n\t\t\t\t\t\t\t<div class=\"elementor-widget-wrap\">\n\t\t\t\t\t\t<div class=\"elementor-element elementor-element-57cf9187 elementor-invisible elementor-widget elementor-widget-image\" data-id=\"57cf9187\" data-element_type=\"widget\" data-settings=\"{&quot;_animation&quot;:&quot;fadeInRight&quot;}\" data-widget_type=\"image.default\">\n\t\t\t\t<div class=\"elementor-widget-container\">\n\t\t\t\t\t\t\t\t<div class=\"elementor-image\">\n\t\t\t\t\t\t\t\t\t\t\t\t<img width=\"440\" height=\"360\" src=\"https:\/\/abosorocaba.com.br\/pacientes\/wp-content\/uploads\/2020\/12\/bg-lentes.png\" class=\"attachment-large size-large\" alt=\"\" srcset=\"https:\/\/abosorocaba.com.br\/pacientes\/wp-content\/uploads\/2020\/12\/bg-lentes.png 440w, https:\/\/abosorocaba.com.br\/pacientes\/wp-content\/uploads\/2020\/12\/bg-lentes-300x245.png 300w\" sizes=\"(max-width: 440px) 100vw, 440px\" \/>\t\t\t\t\t\t\t\t\t\t\t\t\t\t<\/div>\n\t\t\t\t\t\t<\/div>\n\t\t\t\t<\/div>\n\t\t\t\t\t\t<\/div>\n\t\t\t\t\t<\/div>\n\t\t<\/div>\n\t\t\t\t\t\t\t\t<\/div>\n\t\t\t\t\t<\/div>\n\t\t<\/section>\n\t\t\t\t<section class=\"elementor-section elementor-top-section elementor-element elementor-element-a2927c0 elementor-section-height-min-height elementor-section-boxed elementor-section-height-default elementor-section-items-middle\" data-id=\"a2927c0\" data-element_type=\"section\" data-settings=\"{&quot;background_background&quot;:&quot;classic&quot;,&quot;shape_divider_top&quot;:&quot;arrow&quot;}\">\n\t\t\t\t\t<div class=\"elementor-shape elementor-shape-top\" data-negative=\"false\">\n\t\t\t<svg xmlns=\"http:\/\/www.w3.org\/2000\/svg\" viewBox=\"0 0 700 10\" preserveAspectRatio=\"none\">\n\t<path class=\"elementor-shape-fill\" d=\"M350,10L340,0h20L350,10z\"\/>\n<\/svg>\t\t<\/div>\n\t\t\t\t\t<div class=\"elementor-container elementor-column-gap-default\">\n\t\t\t\t\t\t\t<div class=\"elementor-row\">\n\t\t\t\t\t<div class=\"elementor-column elementor-col-50 elementor-top-column elementor-element elementor-element-47a8e2e\" data-id=\"47a8e2e\" data-element_type=\"column\">\n\t\t\t<div class=\"elementor-column-wrap elementor-element-populated\">\n\t\t\t\t\t\t\t<div class=\"elementor-widget-wrap\">\n\t\t\t\t\t\t<div class=\"elementor-element elementor-element-5399996 elementor-widget elementor-widget-spacer\" data-id=\"5399996\" data-element_type=\"widget\" data-widget_type=\"spacer.default\">\n\t\t\t\t<div class=\"elementor-widget-container\">\n\t\t\t\t\t<div class=\"elementor-spacer\">\n\t\t\t<div class=\"elementor-spacer-inner\"><\/div>\n\t\t<\/div>\n\t\t\t\t<\/div>\n\t\t\t\t<\/div>\n\t\t\t\t<div class=\"elementor-element elementor-element-6198aae elementor-widget elementor-widget-heading\" data-id=\"6198aae\" data-element_type=\"widget\" data-widget_type=\"heading.default\">\n\t\t\t\t<div class=\"elementor-widget-container\">\n\t\t\t<h2 class=\"elementor-heading-title elementor-size-default\">Solicite um<br><b>Agendamento<\/b><\/h2>\t\t<\/div>\n\t\t\t\t<\/div>\n\t\t\t\t<div class=\"elementor-element elementor-element-38ba761 elementor-widget elementor-widget-text-editor\" data-id=\"38ba761\" data-element_type=\"widget\" data-widget_type=\"text-editor.default\">\n\t\t\t\t<div class=\"elementor-widget-container\">\n\t\t\t\t\t\t\t\t<div class=\"elementor-text-editor elementor-clearfix\">\n\t\t\t\t<p>Preencha o formul\u00e1rio ao lado e nossa equipe de profissionais entrar\u00e1 em contato para agendar uma avalia\u00e7\u00e3o na ABO Sorocaba<\/p>\t\t\t\t\t<\/div>\n\t\t\t\t\t\t<\/div>\n\t\t\t\t<\/div>\n\t\t\t\t\t\t<\/div>\n\t\t\t\t\t<\/div>\n\t\t<\/div>\n\t\t\t\t<div class=\"elementor-column elementor-col-50 elementor-top-column elementor-element elementor-element-254cbcd\" data-id=\"254cbcd\" data-element_type=\"column\">\n\t\t\t<div class=\"elementor-column-wrap elementor-element-populated\">\n\t\t\t\t\t\t\t<div class=\"elementor-widget-wrap\">\n\t\t\t\t\t\t<div class=\"elementor-element elementor-element-2a1e1e4 elementor-widget elementor-widget-global elementor-global-1437 elementor-widget-menu-anchor\" data-id=\"2a1e1e4\" data-element_type=\"widget\" data-widget_type=\"menu-anchor.default\">\n\t\t\t\t<div class=\"elementor-widget-container\">\n\t\t\t\t\t<div id=\"agendamento\" class=\"elementor-menu-anchor\"><\/div>\n\t\t\t\t<\/div>\n\t\t\t\t<\/div>\n\t\t\t\t<section class=\"elementor-section elementor-inner-section elementor-element elementor-element-694e2cc elementor-section-boxed elementor-section-height-default elementor-section-height-default elementor-invisible\" data-id=\"694e2cc\" data-element_type=\"section\" data-settings=\"{&quot;animation&quot;:&quot;bounceIn&quot;}\">\n\t\t\t\t\t\t<div class=\"elementor-container elementor-column-gap-default\">\n\t\t\t\t\t\t\t<div class=\"elementor-row\">\n\t\t\t\t\t<div class=\"elementor-column elementor-col-100 elementor-inner-column elementor-element elementor-element-7166da6\" data-id=\"7166da6\" data-element_type=\"column\">\n\t\t\t<div class=\"elementor-column-wrap elementor-element-populated\">\n\t\t\t\t\t\t\t<div class=\"elementor-widget-wrap\">\n\t\t\t\t\t\t<div class=\"elementor-element elementor-element-b1f0095 elementor-button-align-stretch elementor-widget elementor-widget-form\" data-id=\"b1f0095\" data-element_type=\"widget\" data-settings=\"{&quot;step_next_label&quot;:&quot;Next&quot;,&quot;step_previous_label&quot;:&quot;Previous&quot;,&quot;button_width&quot;:&quot;100&quot;,&quot;step_type&quot;:&quot;number_text&quot;,&quot;step_icon_shape&quot;:&quot;circle&quot;}\" data-widget_type=\"form.default\">\n\t\t\t\t<div class=\"elementor-widget-container\">\n\t\t\t\t\t<form class=\"elementor-form\" method=\"post\" id=\"agendamento\" name=\"Tratamentos - Lentes de contato dentais\">\n\t\t\t<input type=\"hidden\" name=\"post_id\" value=\"1542\"\/>\n\t\t\t<input type=\"hidden\" name=\"form_id\" value=\"b1f0095\"\/>\n\t\t\t<input type=\"hidden\" name=\"referer_title\" value=\"\" \/>\n\n\t\t\t\n\t\t\t<div class=\"elementor-form-fields-wrapper elementor-labels-above\">\n\t\t\t\t\t\t\t\t<div class=\"elementor-field-type-text elementor-field-group elementor-column elementor-field-group-name elementor-col-100 elementor-field-required elementor-mark-required\">\n\t\t\t\t\t\t\t\t\t\t\t\t\t<input size=\"1\" type=\"text\" name=\"form_fields[name]\" id=\"form-field-name\" class=\"elementor-field elementor-size-md  elementor-field-textual\" placeholder=\"Nome\" required=\"required\" aria-required=\"true\">\n\t\t\t\t\t\t\t\t\t\t\t<\/div>\n\t\t\t\t\t\t\t\t<div class=\"elementor-field-type-email elementor-field-group elementor-column elementor-field-group-email elementor-col-100 elementor-field-required elementor-mark-required\">\n\t\t\t\t\t\t\t\t\t\t\t\t\t<input size=\"1\" type=\"email\" name=\"form_fields[email]\" id=\"form-field-email\" class=\"elementor-field elementor-size-md  elementor-field-textual\" placeholder=\"Melhor E-mail\" required=\"required\" aria-required=\"true\">\n\t\t\t\t\t\t\t\t\t\t\t<\/div>\n\t\t\t\t\t\t\t\t<div class=\"elementor-field-type-tel elementor-field-group elementor-column elementor-field-group-tel elementor-col-100 elementor-field-required elementor-mark-required\">\n\t\t\t\t\t\t\t<input size=\"1\" type=\"tel\" name=\"form_fields[tel]\" id=\"form-field-tel\" class=\"elementor-field elementor-size-md  elementor-field-textual\" placeholder=\"Telefone ou Whatsapp\" required=\"required\" aria-required=\"true\" pattern=\"[0-9()#&amp;+*-=.]+\" title=\"Apenas n\u00fameros e caracteres de telefone (#, -, *, etc.) s\u00e3o aceitos.\">\n\n\t\t\t\t\t\t<\/div>\n\t\t\t\t\t\t\t\t<div class=\"elementor-field-type-text elementor-field-group elementor-column elementor-field-group-field_0fb1309 elementor-col-100 elementor-field-required elementor-mark-required\">\n\t\t\t\t\t\t\t\t\t\t\t\t\t<input size=\"1\" type=\"text\" name=\"form_fields[field_0fb1309]\" id=\"form-field-field_0fb1309\" class=\"elementor-field elementor-size-md  elementor-field-textual\" placeholder=\"Empresa\" required=\"required\" aria-required=\"true\">\n\t\t\t\t\t\t\t\t\t\t\t<\/div>\n\t\t\t\t\t\t\t\t<div class=\"elementor-field-group elementor-column elementor-field-type-submit elementor-col-100 e-form__buttons\">\n\t\t\t\t\t<button type=\"submit\" class=\"elementor-button elementor-size-md\">\n\t\t\t\t\t\t<span >\n\t\t\t\t\t\t\t\t\t\t\t\t\t\t\t<span class=\" elementor-button-icon\">\n\t\t\t\t\t\t\t\t\t\t\t\t\t\t\t\t\t\t\t\t\t\t\t\t\t\t<\/span>\n\t\t\t\t\t\t\t\t\t\t\t\t\t\t\t\t\t\t\t\t\t\t<span class=\"elementor-button-text\">ENVIAR SOLICITA\u00c7\u00c3O<\/span>\n\t\t\t\t\t\t\t\t\t\t\t\t\t<\/span>\n\t\t\t\t\t<\/button>\n\t\t\t\t<\/div>\n\t\t\t<\/div>\n\t\t<\/form>\n\t\t\t\t<\/div>\n\t\t\t\t<\/div>\n\t\t\t\t\t\t<\/div>\n\t\t\t\t\t<\/div>\n\t\t<\/div>\n\t\t\t\t\t\t\t\t<\/div>\n\t\t\t\t\t<\/div>\n\t\t<\/section>\n\t\t\t\t\t\t<\/div>\n\t\t\t\t\t<\/div>\n\t\t<\/div>\n\t\t\t\t\t\t\t\t<\/div>\n\t\t\t\t\t<\/div>\n\t\t<\/section>\n\t\t\t\t\t\t<\/div>\n\t\t\t\t\t\t<\/div>\n\t\t\t\t\t<\/div>\n\t\t","protected":false},"excerpt":{"rendered":"<p>Tratamentos Lentes de contato dentais Tratamento Est\u00e9tico Sem d\u00favida, voc\u00ea j\u00e1 ouviu falar sobre as lentes de contato dentais, por serem t\u00e3o famosas e escolhidas principalmente pelo meio art\u00edstico. Se esse termo ainda for desconhecido para voc\u00ea, explicaremos com detalhes. O tratamento est\u00e9tico com as lentes de contato dentais se resume a colar laminados extrafinos [&hellip;]<\/p>\n","protected":false},"author":1,"featured_media":0,"parent":0,"menu_order":0,"comment_status":"closed","ping_status":"closed","template":"elementor_header_footer","meta":[],"_links":{"self":[{"href":"https:\/\/abosorocaba.com.br\/pacientes\/wp-json\/wp\/v2\/pages\/1542"}],"collection":[{"href":"https:\/\/abosorocaba.com.br\/pacientes\/wp-json\/wp\/v2\/pages"}],"about":[{"href":"https:\/\/abosorocaba.com.br\/pacientes\/wp-json\/wp\/v2\/types\/page"}],"author":[{"embeddable":true,"href":"https:\/\/abosorocaba.com.br\/pacientes\/wp-json\/wp\/v2\/users\/1"}],"replies":[{"embeddable":true,"href":"https:\/\/abosorocaba.com.br\/pacientes\/wp-json\/wp\/v2\/comments?post=1542"}],"version-history":[{"count":51,"href":"https:\/\/abosorocaba.com.br\/pacientes\/wp-json\/wp\/v2\/pages\/1542\/revisions"}],"predecessor-version":[{"id":3643,"href":"https:\/\/abosorocaba.com.br\/pacientes\/wp-json\/wp\/v2\/pages\/1542\/revisions\/3643"}],"wp:attachment":[{"href":"https:\/\/abosorocaba.com.br\/pacientes\/wp-json\/wp\/v2\/media?parent=1542"}],"curies":[{"name":"wp","href":"https:\/\/api.w.org\/{rel}","templated":true}]}}